{"id":5947,"date":"2024-04-29T09:12:30","date_gmt":"2024-04-29T07:12:30","guid":{"rendered":"https:\/\/martabyrne.com\/projectos\/"},"modified":"2024-06-04T09:12:38","modified_gmt":"2024-06-04T07:12:38","slug":"projectos","status":"publish","type":"page","link":"https:\/\/martabyrne.com\/pt-pt\/projectos\/","title":{"rendered":"Projectos"},"content":{"rendered":"\t\t<div data-elementor-type=\"wp-page\" data-elementor-id=\"5947\" class=\"elementor elementor-5947 elementor-5205\" data-elementor-post-type=\"page\">\n\t\t\t\t<div class=\"elementor-element elementor-element-ad525ab e-flex e-con-boxed e-con e-parent\" data-id=\"ad525ab\" data-element_type=\"container\">\n\t\t\t\t\t<div class=\"e-con-inner\">\n\t\t\t\t<div class=\"elementor-element elementor-element-534cb25 elementor-grid-3 elementor-grid-tablet-2 elementor-grid-mobile-1 elementor-widget elementor-widget-portfolio\" data-id=\"534cb25\" data-element_type=\"widget\" data-settings=\"{&quot;row_gap&quot;:{&quot;unit&quot;:&quot;px&quot;,&quot;size&quot;:20,&quot;sizes&quot;:[]},&quot;columns&quot;:&quot;3&quot;,&quot;columns_tablet&quot;:&quot;2&quot;,&quot;columns_mobile&quot;:&quot;1&quot;,&quot;item_ratio&quot;:{&quot;unit&quot;:&quot;px&quot;,&quot;size&quot;:0.66000000000000003108624468950438313186168670654296875,&quot;sizes&quot;:[]},&quot;item_gap&quot;:{&quot;unit&quot;:&quot;px&quot;,&quot;size&quot;:&quot;&quot;,&quot;sizes&quot;:[]}}\" data-widget_type=\"portfolio.default\">\n\t\t\t\t<div class=\"elementor-widget-container\">\n\t\t\t\t\t\t\t<div class=\"elementor-portfolio elementor-grid elementor-posts-container\">\n\t\t\t\t<article class=\"elementor-portfolio-item elementor-post  post-5975 post type-post status-publish format-standard has-post-thumbnail hentry category-projectos-2\">\n\t\t\t<a class=\"elementor-post__thumbnail__link\" href=\"https:\/\/martabyrne.com\/pt-pt\/residencia-em-cascais\/\">\n\t\t\t\t<div class=\"elementor-portfolio-item__img elementor-post__thumbnail\">\n\t\t\t<img fetchpriority=\"high\" decoding=\"async\" width=\"2560\" height=\"1707\" src=\"https:\/\/martabyrne.com\/wp-content\/uploads\/2024\/05\/RESID_CASCAIS_5-scaled.jpg\" class=\"attachment-full size-full wp-image-5933\" alt=\"\" srcset=\"https:\/\/martabyrne.com\/wp-content\/uploads\/2024\/05\/RESID_CASCAIS_5-scaled.jpg 2560w, https:\/\/martabyrne.com\/wp-content\/uploads\/2024\/05\/RESID_CASCAIS_5-300x200.jpg 300w, https:\/\/martabyrne.com\/wp-content\/uploads\/2024\/05\/RESID_CASCAIS_5-1024x683.jpg 1024w, https:\/\/martabyrne.com\/wp-content\/uploads\/2024\/05\/RESID_CASCAIS_5-768x512.jpg 768w, https:\/\/martabyrne.com\/wp-content\/uploads\/2024\/05\/RESID_CASCAIS_5-1536x1024.jpg 1536w, https:\/\/martabyrne.com\/wp-content\/uploads\/2024\/05\/RESID_CASCAIS_5-2048x1365.jpg 2048w\" sizes=\"(max-width: 2560px) 100vw, 2560px\" \/>\t\t<\/div>\n\t\t\t\t<div class=\"elementor-portfolio-item__overlay\">\n\t\t\t\t<p class=\"elementor-portfolio-item__title\">\n\t\tResid\u00eancia em Cascais\t\t<\/p>\n\t\t\t\t<\/div>\n\t\t\t\t<\/a>\n\t\t<\/article>\n\t\t\t\t<article class=\"elementor-portfolio-item elementor-post  post-5968 post type-post status-publish format-standard has-post-thumbnail hentry category-projectos-2\">\n\t\t\t<a class=\"elementor-post__thumbnail__link\" href=\"https:\/\/martabyrne.com\/pt-pt\/adaptacao-do-ambiente-historico-do-mosteiro-historico-de-santa-maria-2\/\">\n\t\t\t\t<div class=\"elementor-portfolio-item__img elementor-post__thumbnail\">\n\t\t\t<img decoding=\"async\" width=\"1110\" height=\"735\" src=\"https:\/\/martabyrne.com\/wp-content\/uploads\/2024\/05\/6568.jpg\" class=\"attachment-full size-full wp-image-5923\" alt=\"\" srcset=\"https:\/\/martabyrne.com\/wp-content\/uploads\/2024\/05\/6568.jpg 1110w, https:\/\/martabyrne.com\/wp-content\/uploads\/2024\/05\/6568-300x199.jpg 300w, https:\/\/martabyrne.com\/wp-content\/uploads\/2024\/05\/6568-1024x678.jpg 1024w, https:\/\/martabyrne.com\/wp-content\/uploads\/2024\/05\/6568-768x509.jpg 768w\" sizes=\"(max-width: 1110px) 100vw, 1110px\" \/>\t\t<\/div>\n\t\t\t\t<div class=\"elementor-portfolio-item__overlay\">\n\t\t\t\t<p class=\"elementor-portfolio-item__title\">\n\t\tAdapta\u00e7\u00e3o da envolvente hist\u00f3rica do mosteiro de Sta. Maria\t\t<\/p>\n\t\t\t\t<\/div>\n\t\t\t\t<\/a>\n\t\t<\/article>\n\t\t\t\t<article class=\"elementor-portfolio-item elementor-post  post-5964 post type-post status-publish format-standard has-post-thumbnail hentry category-projectos-2\">\n\t\t\t<a class=\"elementor-post__thumbnail__link\" href=\"https:\/\/martabyrne.com\/pt-pt\/adaptacao-do-ambiente-historico-do-mosteiro-de-sta-maria\/\">\n\t\t\t\t<div class=\"elementor-portfolio-item__img elementor-post__thumbnail\">\n\t\t\t<img decoding=\"async\" width=\"2560\" height=\"1920\" src=\"https:\/\/martabyrne.com\/wp-content\/uploads\/2024\/05\/49-_DSF0164-scaled.jpg\" class=\"attachment-full size-full wp-image-5929\" alt=\"\" srcset=\"https:\/\/martabyrne.com\/wp-content\/uploads\/2024\/05\/49-_DSF0164-scaled.jpg 2560w, https:\/\/martabyrne.com\/wp-content\/uploads\/2024\/05\/49-_DSF0164-300x225.jpg 300w, https:\/\/martabyrne.com\/wp-content\/uploads\/2024\/05\/49-_DSF0164-1024x768.jpg 1024w, https:\/\/martabyrne.com\/wp-content\/uploads\/2024\/05\/49-_DSF0164-768x576.jpg 768w, https:\/\/martabyrne.com\/wp-content\/uploads\/2024\/05\/49-_DSF0164-1536x1152.jpg 1536w, https:\/\/martabyrne.com\/wp-content\/uploads\/2024\/05\/49-_DSF0164-2048x1536.jpg 2048w\" sizes=\"(max-width: 2560px) 100vw, 2560px\" \/>\t\t<\/div>\n\t\t\t\t<div class=\"elementor-portfolio-item__overlay\">\n\t\t\t\t<p class=\"elementor-portfolio-item__title\">\n\t\tExpans\u00e3o do laborat\u00f3rio de biogen\u00e9tica do IBET\t\t<\/p>\n\t\t\t\t<\/div>\n\t\t\t\t<\/a>\n\t\t<\/article>\n\t\t\t\t<article class=\"elementor-portfolio-item elementor-post  post-5980 post type-post status-publish format-standard has-post-thumbnail hentry category-projectos-2\">\n\t\t\t<a class=\"elementor-post__thumbnail__link\" href=\"https:\/\/martabyrne.com\/pt-pt\/casa-jardim-casa-reabilitada-em-lisboa\/\">\n\t\t\t\t<div class=\"elementor-portfolio-item__img elementor-post__thumbnail\">\n\t\t\t<img loading=\"lazy\" decoding=\"async\" width=\"1600\" height=\"600\" src=\"https:\/\/martabyrne.com\/wp-content\/uploads\/2017\/11\/jardin-lisboa-4.jpg\" class=\"attachment-full size-full wp-image-5881\" alt=\"\" srcset=\"https:\/\/martabyrne.com\/wp-content\/uploads\/2017\/11\/jardin-lisboa-4.jpg 1600w, https:\/\/martabyrne.com\/wp-content\/uploads\/2017\/11\/jardin-lisboa-4-300x113.jpg 300w, https:\/\/martabyrne.com\/wp-content\/uploads\/2017\/11\/jardin-lisboa-4-768x288.jpg 768w, https:\/\/martabyrne.com\/wp-content\/uploads\/2017\/11\/jardin-lisboa-4-1024x384.jpg 1024w, https:\/\/martabyrne.com\/wp-content\/uploads\/2017\/11\/jardin-lisboa-4-370x139.jpg 370w, https:\/\/martabyrne.com\/wp-content\/uploads\/2017\/11\/jardin-lisboa-4-760x285.jpg 760w\" sizes=\"(max-width: 1600px) 100vw, 1600px\" \/>\t\t<\/div>\n\t\t\t\t<div class=\"elementor-portfolio-item__overlay\">\n\t\t\t\t<p class=\"elementor-portfolio-item__title\">\n\t\tJardim Casa remodelada em Lisboa\t\t<\/p>\n\t\t\t\t<\/div>\n\t\t\t\t<\/a>\n\t\t<\/article>\n\t\t\t\t<article class=\"elementor-portfolio-item elementor-post  post-5978 post type-post status-publish format-standard has-post-thumbnail hentry category-projectos-2\">\n\t\t\t<a class=\"elementor-post__thumbnail__link\" href=\"https:\/\/martabyrne.com\/pt-pt\/jardin-de-vivienda-en-madrid-norte\/\">\n\t\t\t\t<div class=\"elementor-portfolio-item__img elementor-post__thumbnail\">\n\t\t\t<img loading=\"lazy\" decoding=\"async\" width=\"801\" height=\"600\" src=\"https:\/\/martabyrne.com\/wp-content\/uploads\/2020\/02\/jardin-residencial-6.jpg\" class=\"attachment-full size-full wp-image-5806\" alt=\"\" srcset=\"https:\/\/martabyrne.com\/wp-content\/uploads\/2020\/02\/jardin-residencial-6.jpg 801w, https:\/\/martabyrne.com\/wp-content\/uploads\/2020\/02\/jardin-residencial-6-300x225.jpg 300w, https:\/\/martabyrne.com\/wp-content\/uploads\/2020\/02\/jardin-residencial-6-768x575.jpg 768w, https:\/\/martabyrne.com\/wp-content\/uploads\/2020\/02\/jardin-residencial-6-370x277.jpg 370w, https:\/\/martabyrne.com\/wp-content\/uploads\/2020\/02\/jardin-residencial-6-760x569.jpg 760w\" sizes=\"(max-width: 801px) 100vw, 801px\" \/>\t\t<\/div>\n\t\t\t\t<div class=\"elementor-portfolio-item__overlay\">\n\t\t\t\t<p class=\"elementor-portfolio-item__title\">\n\t\tJardim de uma casa em Madrid Norte\t\t<\/p>\n\t\t\t\t<\/div>\n\t\t\t\t<\/a>\n\t\t<\/article>\n\t\t\t\t<article class=\"elementor-portfolio-item elementor-post  post-5974 post type-post status-publish format-standard has-post-thumbnail hentry category-projectos-2\">\n\t\t\t<a class=\"elementor-post__thumbnail__link\" href=\"https:\/\/martabyrne.com\/pt-pt\/remodelacao-de-sotao-urbano\/\">\n\t\t\t\t<div class=\"elementor-portfolio-item__img elementor-post__thumbnail\">\n\t\t\t<img loading=\"lazy\" decoding=\"async\" width=\"800\" height=\"600\" src=\"https:\/\/martabyrne.com\/wp-content\/uploads\/2020\/02\/atico-6.jpg\" class=\"attachment-full size-full wp-image-5770\" alt=\"\" srcset=\"https:\/\/martabyrne.com\/wp-content\/uploads\/2020\/02\/atico-6.jpg 800w, https:\/\/martabyrne.com\/wp-content\/uploads\/2020\/02\/atico-6-300x225.jpg 300w, https:\/\/martabyrne.com\/wp-content\/uploads\/2020\/02\/atico-6-768x576.jpg 768w, https:\/\/martabyrne.com\/wp-content\/uploads\/2020\/02\/atico-6-370x278.jpg 370w, https:\/\/martabyrne.com\/wp-content\/uploads\/2020\/02\/atico-6-760x570.jpg 760w\" sizes=\"(max-width: 800px) 100vw, 800px\" \/>\t\t<\/div>\n\t\t\t\t<div class=\"elementor-portfolio-item__overlay\">\n\t\t\t\t<p class=\"elementor-portfolio-item__title\">\n\t\tRemodela\u00e7\u00e3o de uma penthouse urbana\t\t<\/p>\n\t\t\t\t<\/div>\n\t\t\t\t<\/a>\n\t\t<\/article>\n\t\t\t\t<article class=\"elementor-portfolio-item elementor-post  post-5969 post type-post status-publish format-standard has-post-thumbnail hentry category-projectos-2\">\n\t\t\t<a class=\"elementor-post__thumbnail__link\" href=\"https:\/\/martabyrne.com\/pt-pt\/jardin-sostenible-en-la-sierra-de-madrid\/\">\n\t\t\t\t<div class=\"elementor-portfolio-item__img elementor-post__thumbnail\">\n\t\t\t<img loading=\"lazy\" decoding=\"async\" width=\"800\" height=\"600\" src=\"https:\/\/martabyrne.com\/wp-content\/uploads\/2020\/02\/IMG_20190519_193758_672_resize.jpg\" class=\"attachment-full size-full wp-image-5837\" alt=\"\" srcset=\"https:\/\/martabyrne.com\/wp-content\/uploads\/2020\/02\/IMG_20190519_193758_672_resize.jpg 800w, https:\/\/martabyrne.com\/wp-content\/uploads\/2020\/02\/IMG_20190519_193758_672_resize-300x225.jpg 300w, https:\/\/martabyrne.com\/wp-content\/uploads\/2020\/02\/IMG_20190519_193758_672_resize-768x576.jpg 768w, https:\/\/martabyrne.com\/wp-content\/uploads\/2020\/02\/IMG_20190519_193758_672_resize-370x278.jpg 370w, https:\/\/martabyrne.com\/wp-content\/uploads\/2020\/02\/IMG_20190519_193758_672_resize-760x570.jpg 760w\" sizes=\"(max-width: 800px) 100vw, 800px\" \/>\t\t<\/div>\n\t\t\t\t<div class=\"elementor-portfolio-item__overlay\">\n\t\t\t\t<p class=\"elementor-portfolio-item__title\">\n\t\tJardim sustent\u00e1vel na Serra de Madrid\t\t<\/p>\n\t\t\t\t<\/div>\n\t\t\t\t<\/a>\n\t\t<\/article>\n\t\t\t\t<article class=\"elementor-portfolio-item elementor-post  post-5965 post type-post status-publish format-standard has-post-thumbnail hentry category-projectos-2\">\n\t\t\t<a class=\"elementor-post__thumbnail__link\" href=\"https:\/\/martabyrne.com\/pt-pt\/jardim-autoctone-em-moradia-costeira\/\">\n\t\t\t\t<div class=\"elementor-portfolio-item__img elementor-post__thumbnail\">\n\t\t\t<img loading=\"lazy\" decoding=\"async\" width=\"600\" height=\"800\" src=\"https:\/\/martabyrne.com\/wp-content\/uploads\/2024\/09\/jardin-Cambridge-5.1.jpg\" class=\"attachment-full size-full wp-image-6260\" alt=\"\" srcset=\"https:\/\/martabyrne.com\/wp-content\/uploads\/2024\/09\/jardin-Cambridge-5.1.jpg 600w, https:\/\/martabyrne.com\/wp-content\/uploads\/2024\/09\/jardin-Cambridge-5.1-225x300.jpg 225w\" sizes=\"(max-width: 600px) 100vw, 600px\" \/>\t\t<\/div>\n\t\t\t\t<div class=\"elementor-portfolio-item__overlay\">\n\t\t\t\t<p class=\"elementor-portfolio-item__title\">\n\t\tJardim Nativo da Moradia Costeira\t\t<\/p>\n\t\t\t\t<\/div>\n\t\t\t\t<\/a>\n\t\t<\/article>\n\t\t\t\t<article class=\"elementor-portfolio-item elementor-post  post-5984 post type-post status-publish format-standard has-post-thumbnail hentry category-projectos-2\">\n\t\t\t<a class=\"elementor-post__thumbnail__link\" href=\"https:\/\/martabyrne.com\/pt-pt\/parque-urbano-batalla-de-atoleiros\/\">\n\t\t\t\t<div class=\"elementor-portfolio-item__img elementor-post__thumbnail\">\n\t\t\t<img loading=\"lazy\" decoding=\"async\" width=\"900\" height=\"600\" src=\"https:\/\/martabyrne.com\/wp-content\/uploads\/2020\/02\/Atoleiros-2.jpg\" class=\"attachment-full size-full wp-image-5738\" alt=\"\" srcset=\"https:\/\/martabyrne.com\/wp-content\/uploads\/2020\/02\/Atoleiros-2.jpg 900w, https:\/\/martabyrne.com\/wp-content\/uploads\/2020\/02\/Atoleiros-2-300x200.jpg 300w, https:\/\/martabyrne.com\/wp-content\/uploads\/2020\/02\/Atoleiros-2-768x512.jpg 768w, https:\/\/martabyrne.com\/wp-content\/uploads\/2020\/02\/Atoleiros-2-370x247.jpg 370w, https:\/\/martabyrne.com\/wp-content\/uploads\/2020\/02\/Atoleiros-2-760x507.jpg 760w\" sizes=\"(max-width: 900px) 100vw, 900px\" \/>\t\t<\/div>\n\t\t\t\t<div class=\"elementor-portfolio-item__overlay\">\n\t\t\t\t<p class=\"elementor-portfolio-item__title\">\n\t\tParque Urbano Batalla de Atoleiros\t\t<\/p>\n\t\t\t\t<\/div>\n\t\t\t\t<\/a>\n\t\t<\/article>\n\t\t\t\t<\/div>\n\t\t\t\t\t\t<\/div>\n\t\t\t\t<\/div>\n\t\t\t\t\t<\/div>\n\t\t\t\t<\/div>\n\t\t\t\t<\/div>\n\t\t","protected":false},"excerpt":{"rendered":"","protected":false},"author":4,"featured_media":0,"parent":0,"menu_order":0,"comment_status":"closed","ping_status":"closed","template":"elementor_theme","meta":{"footnotes":""},"class_list":["post-5947","page","type-page","status-publish","hentry"],"yoast_head":"<!-- This site is optimized with the Yoast SEO plugin v24.5 - https:\/\/yoast.com\/wordpress\/plugins\/seo\/ -->\n<title>Projectos - Estudio de Paisajismo<\/title>\n<meta name=\"robots\" content=\"index, follow, max-snippet:-1, max-image-preview:large, max-video-preview:-1\" \/>\n<link rel=\"canonical\" href=\"https:\/\/martabyrne.com\/proyectos\/\" \/>\n<meta property=\"og:locale\" content=\"pt_PT\" \/>\n<meta property=\"og:type\" content=\"article\" \/>\n<meta property=\"og:title\" content=\"Projectos - Estudio de Paisajismo\" \/>\n<meta property=\"og:url\" content=\"https:\/\/martabyrne.com\/proyectos\/\" \/>\n<meta property=\"og:site_name\" content=\"Estudio de Paisajismo\" \/>\n<meta property=\"article:modified_time\" content=\"2024-06-04T07:12:38+00:00\" \/>\n<meta name=\"twitter:card\" content=\"summary_large_image\" \/>\n<script type=\"application\/ld+json\" class=\"yoast-schema-graph\">{\"@context\":\"https:\/\/schema.org\",\"@graph\":[{\"@type\":\"WebPage\",\"@id\":\"https:\/\/martabyrne.com\/proyectos\/\",\"url\":\"https:\/\/martabyrne.com\/proyectos\/\",\"name\":\"Projectos - Estudio de Paisajismo\",\"isPartOf\":{\"@id\":\"https:\/\/martabyrne.com\/#website\"},\"datePublished\":\"2024-04-29T07:12:30+00:00\",\"dateModified\":\"2024-06-04T07:12:38+00:00\",\"breadcrumb\":{\"@id\":\"https:\/\/martabyrne.com\/proyectos\/#breadcrumb\"},\"inLanguage\":\"pt-PT\",\"potentialAction\":[{\"@type\":\"ReadAction\",\"target\":[\"https:\/\/martabyrne.com\/proyectos\/\"]}]},{\"@type\":\"BreadcrumbList\",\"@id\":\"https:\/\/martabyrne.com\/proyectos\/#breadcrumb\",\"itemListElement\":[{\"@type\":\"ListItem\",\"position\":1,\"name\":\"Portada\",\"item\":\"https:\/\/martabyrne.com\/pt-pt\/\"},{\"@type\":\"ListItem\",\"position\":2,\"name\":\"Projectos\"}]},{\"@type\":\"WebSite\",\"@id\":\"https:\/\/martabyrne.com\/#website\",\"url\":\"https:\/\/martabyrne.com\/\",\"name\":\"Estudio de Paisajismo\",\"description\":\"Estudio de Paisajismo y Decoraci\u00f3n de Exteriores\",\"publisher\":{\"@id\":\"https:\/\/martabyrne.com\/#organization\"},\"potentialAction\":[{\"@type\":\"SearchAction\",\"target\":{\"@type\":\"EntryPoint\",\"urlTemplate\":\"https:\/\/martabyrne.com\/?s={search_term_string}\"},\"query-input\":{\"@type\":\"PropertyValueSpecification\",\"valueRequired\":true,\"valueName\":\"search_term_string\"}}],\"inLanguage\":\"pt-PT\"},{\"@type\":\"Organization\",\"@id\":\"https:\/\/martabyrne.com\/#organization\",\"name\":\"Estudio de Paisajismo\",\"url\":\"https:\/\/martabyrne.com\/\",\"logo\":{\"@type\":\"ImageObject\",\"inLanguage\":\"pt-PT\",\"@id\":\"https:\/\/martabyrne.com\/#\/schema\/logo\/image\/\",\"url\":\"https:\/\/martabyrne.com\/wp-content\/uploads\/2020\/02\/cropped-LOGO_WEB.jpg\",\"contentUrl\":\"https:\/\/martabyrne.com\/wp-content\/uploads\/2020\/02\/cropped-LOGO_WEB.jpg\",\"width\":2390,\"height\":515,\"caption\":\"Estudio de Paisajismo\"},\"image\":{\"@id\":\"https:\/\/martabyrne.com\/#\/schema\/logo\/image\/\"}}]}<\/script>\n<!-- \/ Yoast SEO plugin. -->","yoast_head_json":{"title":"Projectos - Estudio de Paisajismo","robots":{"index":"index","follow":"follow","max-snippet":"max-snippet:-1","max-image-preview":"max-image-preview:large","max-video-preview":"max-video-preview:-1"},"canonical":"https:\/\/martabyrne.com\/proyectos\/","og_locale":"pt_PT","og_type":"article","og_title":"Projectos - Estudio de Paisajismo","og_url":"https:\/\/martabyrne.com\/proyectos\/","og_site_name":"Estudio de Paisajismo","article_modified_time":"2024-06-04T07:12:38+00:00","twitter_card":"summary_large_image","schema":{"@context":"https:\/\/schema.org","@graph":[{"@type":"WebPage","@id":"https:\/\/martabyrne.com\/proyectos\/","url":"https:\/\/martabyrne.com\/proyectos\/","name":"Projectos - Estudio de Paisajismo","isPartOf":{"@id":"https:\/\/martabyrne.com\/#website"},"datePublished":"2024-04-29T07:12:30+00:00","dateModified":"2024-06-04T07:12:38+00:00","breadcrumb":{"@id":"https:\/\/martabyrne.com\/proyectos\/#breadcrumb"},"inLanguage":"pt-PT","potentialAction":[{"@type":"ReadAction","target":["https:\/\/martabyrne.com\/proyectos\/"]}]},{"@type":"BreadcrumbList","@id":"https:\/\/martabyrne.com\/proyectos\/#breadcrumb","itemListElement":[{"@type":"ListItem","position":1,"name":"Portada","item":"https:\/\/martabyrne.com\/pt-pt\/"},{"@type":"ListItem","position":2,"name":"Projectos"}]},{"@type":"WebSite","@id":"https:\/\/martabyrne.com\/#website","url":"https:\/\/martabyrne.com\/","name":"Estudio de Paisajismo","description":"Estudio de Paisajismo y Decoraci\u00f3n de Exteriores","publisher":{"@id":"https:\/\/martabyrne.com\/#organization"},"potentialAction":[{"@type":"SearchAction","target":{"@type":"EntryPoint","urlTemplate":"https:\/\/martabyrne.com\/?s={search_term_string}"},"query-input":{"@type":"PropertyValueSpecification","valueRequired":true,"valueName":"search_term_string"}}],"inLanguage":"pt-PT"},{"@type":"Organization","@id":"https:\/\/martabyrne.com\/#organization","name":"Estudio de Paisajismo","url":"https:\/\/martabyrne.com\/","logo":{"@type":"ImageObject","inLanguage":"pt-PT","@id":"https:\/\/martabyrne.com\/#\/schema\/logo\/image\/","url":"https:\/\/martabyrne.com\/wp-content\/uploads\/2020\/02\/cropped-LOGO_WEB.jpg","contentUrl":"https:\/\/martabyrne.com\/wp-content\/uploads\/2020\/02\/cropped-LOGO_WEB.jpg","width":2390,"height":515,"caption":"Estudio de Paisajismo"},"image":{"@id":"https:\/\/martabyrne.com\/#\/schema\/logo\/image\/"}}]}},"_links":{"self":[{"href":"https:\/\/martabyrne.com\/pt-pt\/wp-json\/wp\/v2\/pages\/5947","targetHints":{"allow":["GET"]}}],"collection":[{"href":"https:\/\/martabyrne.com\/pt-pt\/wp-json\/wp\/v2\/pages"}],"about":[{"href":"https:\/\/martabyrne.com\/pt-pt\/wp-json\/wp\/v2\/types\/page"}],"author":[{"embeddable":true,"href":"https:\/\/martabyrne.com\/pt-pt\/wp-json\/wp\/v2\/users\/4"}],"replies":[{"embeddable":true,"href":"https:\/\/martabyrne.com\/pt-pt\/wp-json\/wp\/v2\/comments?post=5947"}],"version-history":[{"count":1,"href":"https:\/\/martabyrne.com\/pt-pt\/wp-json\/wp\/v2\/pages\/5947\/revisions"}],"predecessor-version":[{"id":5948,"href":"https:\/\/martabyrne.com\/pt-pt\/wp-json\/wp\/v2\/pages\/5947\/revisions\/5948"}],"wp:attachment":[{"href":"https:\/\/martabyrne.com\/pt-pt\/wp-json\/wp\/v2\/media?parent=5947"}],"curies":[{"name":"wp","href":"https:\/\/api.w.org\/{rel}","templated":true}]}}