{"id":5945,"date":"2024-04-29T08:46:35","date_gmt":"2024-04-29T06:46:35","guid":{"rendered":"https:\/\/martabyrne.com\/conhece-nos\/"},"modified":"2024-06-04T09:10:14","modified_gmt":"2024-06-04T07:10:14","slug":"conhece-nos","status":"publish","type":"page","link":"https:\/\/martabyrne.com\/pt-pt\/conhece-nos\/","title":{"rendered":"Conhece-nos"},"content":{"rendered":"\t\t<div data-elementor-type=\"wp-page\" data-elementor-id=\"5945\" class=\"elementor elementor-5945 elementor-5167\" data-elementor-post-type=\"page\">\n\t\t\t\t<div class=\"elementor-element elementor-element-2205628 e-flex e-con-boxed e-con e-parent\" data-id=\"2205628\" data-element_type=\"container\">\n\t\t\t\t\t<div class=\"e-con-inner\">\n\t\t<div class=\"elementor-element elementor-element-3b13bf1 e-con-full e-flex e-con e-child\" data-id=\"3b13bf1\" data-element_type=\"container\">\n\t\t\t\t<div class=\"elementor-element elementor-element-8e5d9d2 elementor-widget__width-initial elementor-widget elementor-widget-text-editor\" data-id=\"8e5d9d2\" data-element_type=\"widget\" data-widget_type=\"text-editor.default\">\n\t\t\t\t<div class=\"elementor-widget-container\">\n\t\t\t\t\t\t\t\t\t<p>\u2500\u2500\u2500\u2500\u2500 UM JARDIM DE MADRID A LISBOA<\/p>\n\t\t\t\t\t\t\t\t<\/div>\n\t\t\t\t<\/div>\n\t\t\t\t<div class=\"elementor-element elementor-element-9e90565 elementor-widget__width-initial elementor-widget elementor-widget-heading\" data-id=\"9e90565\" data-element_type=\"widget\" data-widget_type=\"heading.default\">\n\t\t\t\t<div class=\"elementor-widget-container\">\n\t\t\t\t\t<h2 class=\"elementor-heading-title elementor-size-default\">Natureza, ambiente e paisagem<\/h2>\t\t\t\t<\/div>\n\t\t\t\t<\/div>\n\t\t\t\t<div class=\"elementor-element elementor-element-8d72e53 elementor-widget elementor-widget-text-editor\" data-id=\"8d72e53\" data-element_type=\"widget\" data-widget_type=\"text-editor.default\">\n\t\t\t\t<div class=\"elementor-widget-container\">\n\t\t\t\t\t\t\t\t\t<p>Marta Byrne Paisajismo opera com escrit\u00f3rios em Madrid e Lisboa, funcionando com uma estrutura flex\u00edvel e uma pequena equipa, cujas traject\u00f3rias profissionais e pessoais anteriores marcam a filosofia de trabalho atual e a linha de desenvolvimento futuro.<br \/>A nossa paix\u00e3o e o nosso compromisso com a natureza, o ambiente e a paisagem fazem com que cada projeto em que trabalhamos seja \u00fanico, e \u00e9 por isso que estamos 100% envolvidos em tornar o teu jardim de sonho uma realidade.<br \/>Gostamos de manter um di\u00e1logo permanente com o cliente e todos os intervenientes no processo, de forma a estabelecer os par\u00e2metros funcionais, est\u00e9ticos e or\u00e7amentais que nos permitam ajustar os custos e gerir a obra sem imprevistos.<br \/>No processo criativo, seguimos constantemente uma pol\u00edtica de a\u00e7\u00e3o respeitosa com o meio ambiente, de modo a obter um bom equil\u00edbrio ambiental, um espa\u00e7o funcional e sustent\u00e1vel, privilegiando solu\u00e7\u00f5es naturais e duradouras, baixos custos de manuten\u00e7\u00e3o e uma gest\u00e3o inteligente dos recursos dispon\u00edveis.<br \/>Al\u00e9m disso, contamos com a habitual colabora\u00e7\u00e3o de t\u00e9cnicos qualificados nas \u00e1reas de arquitetura, urbanismo, engenharia e instala\u00e7\u00f5es e constru\u00e7\u00e3o e manuten\u00e7\u00e3o de jardins, o que nos permite oferecer-lhe um servi\u00e7o completo de qualidade, qualquer que seja o \u00e2mbito e a dimens\u00e3o do projeto que tem em mente, a pre\u00e7os muito competitivos.<\/p>\n\t\t\t\t\t\t\t\t<\/div>\n\t\t\t\t<\/div>\n\t\t\t\t<div class=\"elementor-element elementor-element-b0b3814 elementor-shape-square e-grid-align-left elementor-grid-0 elementor-widget elementor-widget-social-icons\" data-id=\"b0b3814\" data-element_type=\"widget\" data-widget_type=\"social-icons.default\">\n\t\t\t\t<div class=\"elementor-widget-container\">\n\t\t\t\t\t\t\t<div class=\"elementor-social-icons-wrapper elementor-grid\">\n\t\t\t\t\t\t\t<span class=\"elementor-grid-item\">\n\t\t\t\t\t<a class=\"elementor-icon elementor-social-icon elementor-social-icon-facebook elementor-repeater-item-674bc2a\" target=\"_blank\">\n\t\t\t\t\t\t<span class=\"elementor-screen-only\">Facebook<\/span>\n\t\t\t\t\t\t<svg class=\"e-font-icon-svg e-fab-facebook\" viewBox=\"0 0 512 512\" xmlns=\"http:\/\/www.w3.org\/2000\/svg\"><path d=\"M504 256C504 119 393 8 256 8S8 119 8 256c0 123.78 90.69 226.38 209.25 245V327.69h-63V256h63v-54.64c0-62.15 37-96.48 93.67-96.48 27.14 0 55.52 4.84 55.52 4.84v61h-31.28c-30.8 0-40.41 19.12-40.41 38.73V256h68.78l-11 71.69h-57.78V501C413.31 482.38 504 379.78 504 256z\"><\/path><\/svg>\t\t\t\t\t<\/a>\n\t\t\t\t<\/span>\n\t\t\t\t\t\t\t<span class=\"elementor-grid-item\">\n\t\t\t\t\t<a class=\"elementor-icon elementor-social-icon elementor-social-icon-twitter elementor-repeater-item-1391444\" target=\"_blank\">\n\t\t\t\t\t\t<span class=\"elementor-screen-only\">Twitter<\/span>\n\t\t\t\t\t\t<svg class=\"e-font-icon-svg e-fab-twitter\" viewBox=\"0 0 512 512\" xmlns=\"http:\/\/www.w3.org\/2000\/svg\"><path d=\"M459.37 151.716c.325 4.548.325 9.097.325 13.645 0 138.72-105.583 298.558-298.558 298.558-59.452 0-114.68-17.219-161.137-47.106 8.447.974 16.568 1.299 25.34 1.299 49.055 0 94.213-16.568 130.274-44.832-46.132-.975-84.792-31.188-98.112-72.772 6.498.974 12.995 1.624 19.818 1.624 9.421 0 18.843-1.3 27.614-3.573-48.081-9.747-84.143-51.98-84.143-102.985v-1.299c13.969 7.797 30.214 12.67 47.431 13.319-28.264-18.843-46.781-51.005-46.781-87.391 0-19.492 5.197-37.36 14.294-52.954 51.655 63.675 129.3 105.258 216.365 109.807-1.624-7.797-2.599-15.918-2.599-24.04 0-57.828 46.782-104.934 104.934-104.934 30.213 0 57.502 12.67 76.67 33.137 23.715-4.548 46.456-13.32 66.599-25.34-7.798 24.366-24.366 44.833-46.132 57.827 21.117-2.273 41.584-8.122 60.426-16.243-14.292 20.791-32.161 39.308-52.628 54.253z\"><\/path><\/svg>\t\t\t\t\t<\/a>\n\t\t\t\t<\/span>\n\t\t\t\t\t\t\t<span class=\"elementor-grid-item\">\n\t\t\t\t\t<a class=\"elementor-icon elementor-social-icon elementor-social-icon-instagram elementor-repeater-item-9a5c59d\" target=\"_blank\">\n\t\t\t\t\t\t<span class=\"elementor-screen-only\">Instagram<\/span>\n\t\t\t\t\t\t<svg class=\"e-font-icon-svg e-fab-instagram\" viewBox=\"0 0 448 512\" xmlns=\"http:\/\/www.w3.org\/2000\/svg\"><path d=\"M224.1 141c-63.6 0-114.9 51.3-114.9 114.9s51.3 114.9 114.9 114.9S339 319.5 339 255.9 287.7 141 224.1 141zm0 189.6c-41.1 0-74.7-33.5-74.7-74.7s33.5-74.7 74.7-74.7 74.7 33.5 74.7 74.7-33.6 74.7-74.7 74.7zm146.4-194.3c0 14.9-12 26.8-26.8 26.8-14.9 0-26.8-12-26.8-26.8s12-26.8 26.8-26.8 26.8 12 26.8 26.8zm76.1 27.2c-1.7-35.9-9.9-67.7-36.2-93.9-26.2-26.2-58-34.4-93.9-36.2-37-2.1-147.9-2.1-184.9 0-35.8 1.7-67.6 9.9-93.9 36.1s-34.4 58-36.2 93.9c-2.1 37-2.1 147.9 0 184.9 1.7 35.9 9.9 67.7 36.2 93.9s58 34.4 93.9 36.2c37 2.1 147.9 2.1 184.9 0 35.9-1.7 67.7-9.9 93.9-36.2 26.2-26.2 34.4-58 36.2-93.9 2.1-37 2.1-147.8 0-184.8zM398.8 388c-7.8 19.6-22.9 34.7-42.6 42.6-29.5 11.7-99.5 9-132.1 9s-102.7 2.6-132.1-9c-19.6-7.8-34.7-22.9-42.6-42.6-11.7-29.5-9-99.5-9-132.1s-2.6-102.7 9-132.1c7.8-19.6 22.9-34.7 42.6-42.6 29.5-11.7 99.5-9 132.1-9s102.7-2.6 132.1 9c19.6 7.8 34.7 22.9 42.6 42.6 11.7 29.5 9 99.5 9 132.1s2.7 102.7-9 132.1z\"><\/path><\/svg>\t\t\t\t\t<\/a>\n\t\t\t\t<\/span>\n\t\t\t\t\t<\/div>\n\t\t\t\t\t\t<\/div>\n\t\t\t\t<\/div>\n\t\t\t\t<\/div>\n\t\t\t\t<div class=\"elementor-element elementor-element-a505bb3 elementor-widget__width-initial elementor-widget elementor-widget-image\" data-id=\"a505bb3\" data-element_type=\"widget\" data-widget_type=\"image.default\">\n\t\t\t\t<div class=\"elementor-widget-container\">\n\t\t\t\t\t\t\t\t\t\t\t\t\t\t\t<img fetchpriority=\"high\" decoding=\"async\" width=\"792\" height=\"1024\" src=\"https:\/\/martabyrne.com\/wp-content\/uploads\/2019\/11\/Obra-Zaragoza-Delicias-792x1024.jpg\" class=\"attachment-large size-large wp-image-761\" alt=\"\" srcset=\"https:\/\/martabyrne.com\/wp-content\/uploads\/2019\/11\/Obra-Zaragoza-Delicias-792x1024.jpg 792w, https:\/\/martabyrne.com\/wp-content\/uploads\/2019\/11\/Obra-Zaragoza-Delicias-232x300.jpg 232w, https:\/\/martabyrne.com\/wp-content\/uploads\/2019\/11\/Obra-Zaragoza-Delicias-768x993.jpg 768w, https:\/\/martabyrne.com\/wp-content\/uploads\/2019\/11\/Obra-Zaragoza-Delicias-370x479.jpg 370w, https:\/\/martabyrne.com\/wp-content\/uploads\/2019\/11\/Obra-Zaragoza-Delicias-760x983.jpg 760w, https:\/\/martabyrne.com\/wp-content\/uploads\/2019\/11\/Obra-Zaragoza-Delicias.jpg 883w\" sizes=\"(max-width: 792px) 100vw, 792px\" \/>\t\t\t\t\t\t\t\t\t\t\t\t\t\t\t<\/div>\n\t\t\t\t<\/div>\n\t\t\t\t\t<\/div>\n\t\t\t\t<\/div>\n\t\t<div class=\"elementor-element elementor-element-c192f2a e-flex e-con-boxed e-con e-parent\" data-id=\"c192f2a\" data-element_type=\"container\" data-settings=\"{&quot;background_background&quot;:&quot;classic&quot;}\">\n\t\t\t\t\t<div class=\"e-con-inner\">\n\t\t\t\t<div class=\"elementor-element elementor-element-02db484 elementor-widget__width-initial elementor-widget elementor-widget-heading\" data-id=\"02db484\" data-element_type=\"widget\" data-widget_type=\"heading.default\">\n\t\t\t\t<div class=\"elementor-widget-container\">\n\t\t\t\t\t<h2 class=\"elementor-heading-title elementor-size-default\">Quem somos<\/h2>\t\t\t\t<\/div>\n\t\t\t\t<\/div>\n\t\t\t\t<div class=\"elementor-element elementor-element-68f0c75 elementor-widget__width-initial elementor-position-top elementor-widget elementor-widget-image-box\" data-id=\"68f0c75\" data-element_type=\"widget\" data-widget_type=\"image-box.default\">\n\t\t\t\t<div class=\"elementor-widget-container\">\n\t\t\t\t\t<div class=\"elementor-image-box-wrapper\"><figure class=\"elementor-image-box-img\"><img decoding=\"async\" width=\"1501\" height=\"1126\" src=\"https:\/\/martabyrne.com\/wp-content\/uploads\/2024\/04\/marta_edit.jpg\" class=\"attachment-full size-full wp-image-5110\" alt=\"\" srcset=\"https:\/\/martabyrne.com\/wp-content\/uploads\/2024\/04\/marta_edit.jpg 1501w, https:\/\/martabyrne.com\/wp-content\/uploads\/2024\/04\/marta_edit-300x225.jpg 300w, https:\/\/martabyrne.com\/wp-content\/uploads\/2024\/04\/marta_edit-1024x768.jpg 1024w, https:\/\/martabyrne.com\/wp-content\/uploads\/2024\/04\/marta_edit-768x576.jpg 768w\" sizes=\"(max-width: 1501px) 100vw, 1501px\" \/><\/figure><div class=\"elementor-image-box-content\"><h3 class=\"elementor-image-box-title\">MARTA BYRNE<\/h3><p class=\"elementor-image-box-description\">Arquiteto paisagista. Universidade T\u00e9cnica de Lisboa, Instituto Superior de Agronomia. Coordenador Geral de Estudos e Projectos desenvolvidos a n\u00edvel nacional e internacional.\n\nProfessora convidada na \"Oficina de Paisagem III\" do Mestrado em Arquitetura Paisagista da Universidade de Pamplona, em 2010 e 2016<\/p><\/div><\/div>\t\t\t\t<\/div>\n\t\t\t\t<\/div>\n\t\t\t\t<div class=\"elementor-element elementor-element-13ad3ef elementor-widget__width-initial elementor-position-top elementor-widget elementor-widget-image-box\" data-id=\"13ad3ef\" data-element_type=\"widget\" data-widget_type=\"image-box.default\">\n\t\t\t\t<div class=\"elementor-widget-container\">\n\t\t\t\t\t<div class=\"elementor-image-box-wrapper\"><figure class=\"elementor-image-box-img\"><img decoding=\"async\" width=\"800\" height=\"600\" src=\"https:\/\/martabyrne.com\/wp-content\/uploads\/2019\/11\/P1010660-1024x768.jpg\" class=\"attachment-large size-large wp-image-766\" alt=\"ve\u010d casino iger\" srcset=\"https:\/\/martabyrne.com\/wp-content\/uploads\/2019\/11\/P1010660-1024x768.jpg 1024w, https:\/\/martabyrne.com\/wp-content\/uploads\/2019\/11\/P1010660-300x225.jpg 300w, https:\/\/martabyrne.com\/wp-content\/uploads\/2019\/11\/P1010660-768x576.jpg 768w, https:\/\/martabyrne.com\/wp-content\/uploads\/2019\/11\/P1010660-370x278.jpg 370w, https:\/\/martabyrne.com\/wp-content\/uploads\/2019\/11\/P1010660-760x570.jpg 760w\" sizes=\"(max-width: 800px) 100vw, 800px\" \/><\/figure><div class=\"elementor-image-box-content\"><h3 class=\"elementor-image-box-title\">INMA MOLINA CHISVERT<\/h3><p class=\"elementor-image-box-description\">Engenheiro T\u00e9cnico Agr\u00edcola com uma segunda especializa\u00e7\u00e3o em Jardinagem e Paisagismo pela Universidade Polit\u00e9cnica de Madrid.\n\nConsultor externo. Colabora ocasionalmente na elabora\u00e7\u00e3o de Estudos de Planeamento, Projectos de Paisagismo.<\/p><\/div><\/div>\t\t\t\t<\/div>\n\t\t\t\t<\/div>\n\t\t\t\t<div class=\"elementor-element elementor-element-26d7b8b elementor-widget__width-initial elementor-position-top elementor-widget elementor-widget-image-box\" data-id=\"26d7b8b\" data-element_type=\"widget\" data-widget_type=\"image-box.default\">\n\t\t\t\t<div class=\"elementor-widget-container\">\n\t\t\t\t\t<div class=\"elementor-image-box-wrapper\"><figure class=\"elementor-image-box-img\"><img loading=\"lazy\" decoding=\"async\" width=\"800\" height=\"600\" src=\"https:\/\/martabyrne.com\/wp-content\/uploads\/2024\/04\/maria_edit-1024x768.jpg\" class=\"attachment-large size-large wp-image-5111\" alt=\"\" srcset=\"https:\/\/martabyrne.com\/wp-content\/uploads\/2024\/04\/maria_edit-1024x768.jpg 1024w, https:\/\/martabyrne.com\/wp-content\/uploads\/2024\/04\/maria_edit-300x225.jpg 300w, https:\/\/martabyrne.com\/wp-content\/uploads\/2024\/04\/maria_edit-768x576.jpg 768w, https:\/\/martabyrne.com\/wp-content\/uploads\/2024\/04\/maria_edit.jpg 1501w\" sizes=\"(max-width: 800px) 100vw, 800px\" \/><\/figure><div class=\"elementor-image-box-content\"><h3 class=\"elementor-image-box-title\">MARIA BYRNE<\/h3><p class=\"elementor-image-box-description\">Engenheiro Biof\u00edsico, Universidade de \u00c9vora, Mestrado Interuniversit\u00e1rio em Restaura\u00e7\u00e3o de Ecossistemas, Universidade de Alcal\u00e1 de Henares, Universidade Polit\u00e9cnica de Madrid e Universidade Rei Juan Carlos I.\n\nConsultor externo. Colabora ocasionalmente no desenvolvimento de projectos paisag\u00edsticos, de planeamento e ambientais.<\/p><\/div><\/div>\t\t\t\t<\/div>\n\t\t\t\t<\/div>\n\t\t\t\t\t<\/div>\n\t\t\t\t<\/div>\n\t\t\t\t<\/div>\n\t\t","protected":false},"excerpt":{"rendered":"<p>\u2500\u2500\u2500\u2500\u2500 UM JARDIM DE MADRID A LISBOA Natureza, ambiente e paisagem Marta Byrne Paisajismo opera com escrit\u00f3rios em Madrid e Lisboa, funcionando com uma estrutura flex\u00edvel e uma pequena equipa, cujas traject\u00f3rias profissionais e pessoais anteriores marcam a filosofia de trabalho atual e a linha de desenvolvimento futuro.A nossa paix\u00e3o e o nosso compromisso com [&hellip;]<\/p>\n","protected":false},"author":4,"featured_media":0,"parent":0,"menu_order":0,"comment_status":"closed","ping_status":"closed","template":"elementor_theme","meta":{"footnotes":""},"class_list":["post-5945","page","type-page","status-publish","hentry"],"yoast_head":"<!-- This site is optimized with the Yoast SEO plugin v24.5 - https:\/\/yoast.com\/wordpress\/plugins\/seo\/ -->\n<title>Conhece-nos - Estudio de Paisajismo<\/title>\n<meta name=\"robots\" content=\"index, follow, max-snippet:-1, max-image-preview:large, max-video-preview:-1\" \/>\n<link rel=\"canonical\" href=\"https:\/\/martabyrne.com\/conocenos\/\" \/>\n<meta property=\"og:locale\" content=\"pt_PT\" \/>\n<meta property=\"og:type\" content=\"article\" \/>\n<meta property=\"og:title\" content=\"Conhece-nos - Estudio de Paisajismo\" \/>\n<meta property=\"og:description\" content=\"\u2500\u2500\u2500\u2500\u2500 UM JARDIM DE MADRID A LISBOA Natureza, ambiente e paisagem Marta Byrne Paisajismo opera com escrit\u00f3rios em Madrid e Lisboa, funcionando com uma estrutura flex\u00edvel e uma pequena equipa, cujas traject\u00f3rias profissionais e pessoais anteriores marcam a filosofia de trabalho atual e a linha de desenvolvimento futuro.A nossa paix\u00e3o e o nosso compromisso com [&hellip;]\" \/>\n<meta property=\"og:url\" content=\"https:\/\/martabyrne.com\/conocenos\/\" \/>\n<meta property=\"og:site_name\" content=\"Estudio de Paisajismo\" \/>\n<meta property=\"article:modified_time\" content=\"2024-06-04T07:10:14+00:00\" \/>\n<meta property=\"og:image\" content=\"https:\/\/martabyrne.com\/wp-content\/uploads\/2019\/11\/Obra-Zaragoza-Delicias-792x1024.jpg\" \/>\n<meta name=\"twitter:card\" content=\"summary_large_image\" \/>\n<meta name=\"twitter:label1\" content=\"Tempo estimado de leitura\" \/>\n\t<meta name=\"twitter:data1\" content=\"2 minutos\" \/>\n<script type=\"application\/ld+json\" class=\"yoast-schema-graph\">{\"@context\":\"https:\/\/schema.org\",\"@graph\":[{\"@type\":\"WebPage\",\"@id\":\"https:\/\/martabyrne.com\/conocenos\/\",\"url\":\"https:\/\/martabyrne.com\/conocenos\/\",\"name\":\"Conhece-nos - Estudio de Paisajismo\",\"isPartOf\":{\"@id\":\"https:\/\/martabyrne.com\/#website\"},\"primaryImageOfPage\":{\"@id\":\"https:\/\/martabyrne.com\/conocenos\/#primaryimage\"},\"image\":{\"@id\":\"https:\/\/martabyrne.com\/conocenos\/#primaryimage\"},\"thumbnailUrl\":\"https:\/\/martabyrne.com\/wp-content\/uploads\/2019\/11\/Obra-Zaragoza-Delicias-792x1024.jpg\",\"datePublished\":\"2024-04-29T06:46:35+00:00\",\"dateModified\":\"2024-06-04T07:10:14+00:00\",\"breadcrumb\":{\"@id\":\"https:\/\/martabyrne.com\/conocenos\/#breadcrumb\"},\"inLanguage\":\"pt-PT\",\"potentialAction\":[{\"@type\":\"ReadAction\",\"target\":[\"https:\/\/martabyrne.com\/conocenos\/\"]}]},{\"@type\":\"ImageObject\",\"inLanguage\":\"pt-PT\",\"@id\":\"https:\/\/martabyrne.com\/conocenos\/#primaryimage\",\"url\":\"https:\/\/martabyrne.com\/wp-content\/uploads\/2019\/11\/Obra-Zaragoza-Delicias-792x1024.jpg\",\"contentUrl\":\"https:\/\/martabyrne.com\/wp-content\/uploads\/2019\/11\/Obra-Zaragoza-Delicias-792x1024.jpg\"},{\"@type\":\"BreadcrumbList\",\"@id\":\"https:\/\/martabyrne.com\/conocenos\/#breadcrumb\",\"itemListElement\":[{\"@type\":\"ListItem\",\"position\":1,\"name\":\"Portada\",\"item\":\"https:\/\/martabyrne.com\/pt-pt\/\"},{\"@type\":\"ListItem\",\"position\":2,\"name\":\"Conhece-nos\"}]},{\"@type\":\"WebSite\",\"@id\":\"https:\/\/martabyrne.com\/#website\",\"url\":\"https:\/\/martabyrne.com\/\",\"name\":\"Estudio de Paisajismo\",\"description\":\"Estudio de Paisajismo y Decoraci\u00f3n de Exteriores\",\"publisher\":{\"@id\":\"https:\/\/martabyrne.com\/#organization\"},\"potentialAction\":[{\"@type\":\"SearchAction\",\"target\":{\"@type\":\"EntryPoint\",\"urlTemplate\":\"https:\/\/martabyrne.com\/?s={search_term_string}\"},\"query-input\":{\"@type\":\"PropertyValueSpecification\",\"valueRequired\":true,\"valueName\":\"search_term_string\"}}],\"inLanguage\":\"pt-PT\"},{\"@type\":\"Organization\",\"@id\":\"https:\/\/martabyrne.com\/#organization\",\"name\":\"Estudio de Paisajismo\",\"url\":\"https:\/\/martabyrne.com\/\",\"logo\":{\"@type\":\"ImageObject\",\"inLanguage\":\"pt-PT\",\"@id\":\"https:\/\/martabyrne.com\/#\/schema\/logo\/image\/\",\"url\":\"https:\/\/martabyrne.com\/wp-content\/uploads\/2020\/02\/cropped-LOGO_WEB.jpg\",\"contentUrl\":\"https:\/\/martabyrne.com\/wp-content\/uploads\/2020\/02\/cropped-LOGO_WEB.jpg\",\"width\":2390,\"height\":515,\"caption\":\"Estudio de Paisajismo\"},\"image\":{\"@id\":\"https:\/\/martabyrne.com\/#\/schema\/logo\/image\/\"}}]}<\/script>\n<!-- \/ Yoast SEO plugin. -->","yoast_head_json":{"title":"Conhece-nos - Estudio de Paisajismo","robots":{"index":"index","follow":"follow","max-snippet":"max-snippet:-1","max-image-preview":"max-image-preview:large","max-video-preview":"max-video-preview:-1"},"canonical":"https:\/\/martabyrne.com\/conocenos\/","og_locale":"pt_PT","og_type":"article","og_title":"Conhece-nos - Estudio de Paisajismo","og_description":"\u2500\u2500\u2500\u2500\u2500 UM JARDIM DE MADRID A LISBOA Natureza, ambiente e paisagem Marta Byrne Paisajismo opera com escrit\u00f3rios em Madrid e Lisboa, funcionando com uma estrutura flex\u00edvel e uma pequena equipa, cujas traject\u00f3rias profissionais e pessoais anteriores marcam a filosofia de trabalho atual e a linha de desenvolvimento futuro.A nossa paix\u00e3o e o nosso compromisso com [&hellip;]","og_url":"https:\/\/martabyrne.com\/conocenos\/","og_site_name":"Estudio de Paisajismo","article_modified_time":"2024-06-04T07:10:14+00:00","og_image":[{"url":"https:\/\/martabyrne.com\/wp-content\/uploads\/2019\/11\/Obra-Zaragoza-Delicias-792x1024.jpg","type":"","width":"","height":""}],"twitter_card":"summary_large_image","twitter_misc":{"Tempo estimado de leitura":"2 minutos"},"schema":{"@context":"https:\/\/schema.org","@graph":[{"@type":"WebPage","@id":"https:\/\/martabyrne.com\/conocenos\/","url":"https:\/\/martabyrne.com\/conocenos\/","name":"Conhece-nos - Estudio de Paisajismo","isPartOf":{"@id":"https:\/\/martabyrne.com\/#website"},"primaryImageOfPage":{"@id":"https:\/\/martabyrne.com\/conocenos\/#primaryimage"},"image":{"@id":"https:\/\/martabyrne.com\/conocenos\/#primaryimage"},"thumbnailUrl":"https:\/\/martabyrne.com\/wp-content\/uploads\/2019\/11\/Obra-Zaragoza-Delicias-792x1024.jpg","datePublished":"2024-04-29T06:46:35+00:00","dateModified":"2024-06-04T07:10:14+00:00","breadcrumb":{"@id":"https:\/\/martabyrne.com\/conocenos\/#breadcrumb"},"inLanguage":"pt-PT","potentialAction":[{"@type":"ReadAction","target":["https:\/\/martabyrne.com\/conocenos\/"]}]},{"@type":"ImageObject","inLanguage":"pt-PT","@id":"https:\/\/martabyrne.com\/conocenos\/#primaryimage","url":"https:\/\/martabyrne.com\/wp-content\/uploads\/2019\/11\/Obra-Zaragoza-Delicias-792x1024.jpg","contentUrl":"https:\/\/martabyrne.com\/wp-content\/uploads\/2019\/11\/Obra-Zaragoza-Delicias-792x1024.jpg"},{"@type":"BreadcrumbList","@id":"https:\/\/martabyrne.com\/conocenos\/#breadcrumb","itemListElement":[{"@type":"ListItem","position":1,"name":"Portada","item":"https:\/\/martabyrne.com\/pt-pt\/"},{"@type":"ListItem","position":2,"name":"Conhece-nos"}]},{"@type":"WebSite","@id":"https:\/\/martabyrne.com\/#website","url":"https:\/\/martabyrne.com\/","name":"Estudio de Paisajismo","description":"Estudio de Paisajismo y Decoraci\u00f3n de Exteriores","publisher":{"@id":"https:\/\/martabyrne.com\/#organization"},"potentialAction":[{"@type":"SearchAction","target":{"@type":"EntryPoint","urlTemplate":"https:\/\/martabyrne.com\/?s={search_term_string}"},"query-input":{"@type":"PropertyValueSpecification","valueRequired":true,"valueName":"search_term_string"}}],"inLanguage":"pt-PT"},{"@type":"Organization","@id":"https:\/\/martabyrne.com\/#organization","name":"Estudio de Paisajismo","url":"https:\/\/martabyrne.com\/","logo":{"@type":"ImageObject","inLanguage":"pt-PT","@id":"https:\/\/martabyrne.com\/#\/schema\/logo\/image\/","url":"https:\/\/martabyrne.com\/wp-content\/uploads\/2020\/02\/cropped-LOGO_WEB.jpg","contentUrl":"https:\/\/martabyrne.com\/wp-content\/uploads\/2020\/02\/cropped-LOGO_WEB.jpg","width":2390,"height":515,"caption":"Estudio de Paisajismo"},"image":{"@id":"https:\/\/martabyrne.com\/#\/schema\/logo\/image\/"}}]}},"_links":{"self":[{"href":"https:\/\/martabyrne.com\/pt-pt\/wp-json\/wp\/v2\/pages\/5945","targetHints":{"allow":["GET"]}}],"collection":[{"href":"https:\/\/martabyrne.com\/pt-pt\/wp-json\/wp\/v2\/pages"}],"about":[{"href":"https:\/\/martabyrne.com\/pt-pt\/wp-json\/wp\/v2\/types\/page"}],"author":[{"embeddable":true,"href":"https:\/\/martabyrne.com\/pt-pt\/wp-json\/wp\/v2\/users\/4"}],"replies":[{"embeddable":true,"href":"https:\/\/martabyrne.com\/pt-pt\/wp-json\/wp\/v2\/comments?post=5945"}],"version-history":[{"count":1,"href":"https:\/\/martabyrne.com\/pt-pt\/wp-json\/wp\/v2\/pages\/5945\/revisions"}],"predecessor-version":[{"id":5946,"href":"https:\/\/martabyrne.com\/pt-pt\/wp-json\/wp\/v2\/pages\/5945\/revisions\/5946"}],"wp:attachment":[{"href":"https:\/\/martabyrne.com\/pt-pt\/wp-json\/wp\/v2\/media?parent=5945"}],"curies":[{"name":"wp","href":"https:\/\/api.w.org\/{rel}","templated":true}]}}